{"id":11,"date":"2025-10-30T19:32:02","date_gmt":"2025-10-30T18:32:02","guid":{"rendered":"http:\/\/wykolejonykalendarz.pl\/?page_id=11"},"modified":"2025-11-04T21:31:30","modified_gmt":"2025-11-04T20:31:30","slug":"elementor-11","status":"publish","type":"page","link":"https:\/\/wykolejonykalendarz.pl\/","title":{"rendered":"Elementor #11"},"content":{"rendered":"\t\t<div data-elementor-type=\"wp-post\" data-elementor-id=\"11\" class=\"elementor elementor-11\">\n\t\t\t\t<div class=\"elementor-element elementor-element-9b09085 e-flex e-con-boxed e-con e-parent\" data-id=\"9b09085\" data-element_type=\"container\">\n\t\t\t\t\t<div class=\"e-con-inner\">\n\t\t\t\t<div class=\"elementor-element elementor-element-f2de0c3 elementor-widget elementor-widget-heading\" data-id=\"f2de0c3\" data-element_type=\"widget\" data-widget_type=\"heading.default\">\n\t\t\t\t\t<h2 class=\"elementor-heading-title elementor-size-default\">Wykolejony kalendarz na 2026<\/h2>\t\t\t\t<\/div>\n\t\t\t\t\t<\/div>\n\t\t\t\t<\/div>\n\t\t<div class=\"elementor-element elementor-element-1962786 e-flex e-con-boxed e-con e-parent\" data-id=\"1962786\" data-element_type=\"container\">\n\t\t\t\t\t<div class=\"e-con-inner\">\n\t\t\t\t<div class=\"elementor-element elementor-element-5d938e2 elementor-widget elementor-widget-text-editor\" data-id=\"5d938e2\" data-element_type=\"widget\" data-widget_type=\"text-editor.default\">\n\t\t\t\t\t\t\t\t\t<p>Cze\u015b\u0107, z tej strony admin fanpage&#8217;a <i>Czy Wroc\u0142awskie MPK dzi\u015b ju\u017c jeb\u0142o?<\/i>, kt\u00f3ry obecnie \u015bledzi ponad 81 tysi\u0119cy os\u00f3b. Zosta\u0142 on za\u0142o\u017cony jako forma \u017cartu podczas nudnego dnia w pracy &#8211; szybko jednak sta\u0142 si\u0119 podstawowym \u017ar\u00f3d\u0142em o funkcjonowaniu wroc\u0142awskiej komunikacji miejskiej. Poza informowaniem &#8222;gdzie jeb\u0142o&#8221; oraz publikowaniem miliarda mem\u00f3w, co roku prowadz\u0119 sprzeda\u017c <b>Wykolejonego Kalendarza<\/b>. Motywem przewodnim s\u0105 wroc\u0142awskie wykolejone tramwaje i rozwalone autobusy. Co najwa\u017cniejsze &#8211; ca\u0142y doch\u00f3d ze sprzeda\u017cy jest przekazywany na wybran\u0105 organizacj\u0119 prozwierz\u0119c\u0105.<\/p><p>\u00a0<\/p>\t\t\t\t\t\t\t\t<\/div>\n\t\t\t\t\t<\/div>\n\t\t\t\t<\/div>\n\t\t<div class=\"elementor-element elementor-element-fef38a0 e-flex e-con-boxed e-con e-parent\" data-id=\"fef38a0\" data-element_type=\"container\">\n\t\t\t\t\t<div class=\"e-con-inner\">\n\t\t\t\t<div class=\"elementor-element elementor-element-4021284 elementor-widget elementor-widget-text-editor\" data-id=\"4021284\" data-element_type=\"widget\" data-widget_type=\"text-editor.default\">\n\t\t\t\t\t\t\t\t\t<h6><a href=\"#info\">&gt;&gt;&gt;Zam\u00f3wienie Wykolejonego Kalendarza 2026&lt;&lt;<\/a><\/h6>\t\t\t\t\t\t\t\t<\/div>\n\t\t\t\t\t<\/div>\n\t\t\t\t<\/div>\n\t\t<div class=\"elementor-element elementor-element-4637a1c e-flex e-con-boxed e-con e-parent\" data-id=\"4637a1c\" data-element_type=\"container\">\n\t\t\t\t\t<div class=\"e-con-inner\">\n\t\t\t\t<div class=\"elementor-element elementor-element-f91fc13 elementor-widget elementor-widget-text-editor\" data-id=\"f91fc13\" data-element_type=\"widget\" data-widget_type=\"text-editor.default\">\n\t\t\t\t\t\t\t\t\t<p>Do tej pory Wykolejony Kalendarz wspar\u0142:<\/p><ul style=\"background-color: #ffffff; font-size: 16px;\"><li style=\"font-size: 16px;\">Ole\u015bnickie Bidy (2020)<\/li><li style=\"font-size: 16px;\">Ekostra\u017c (2021, 2022)<\/li><li style=\"font-size: 16px;\">Matuzalki (2023, 2024)<\/li><li style=\"font-size: 16px;\">O\u0142awskie Schronisko dla bezdomnych zwierz\u0105t (2025)<\/li><\/ul>\t\t\t\t\t\t\t\t<\/div>\n\t\t\t\t\t<\/div>\n\t\t\t\t<\/div>\n\t\t<div class=\"elementor-element elementor-element-0e05ee2 e-flex e-con-boxed e-con e-parent\" data-id=\"0e05ee2\" data-element_type=\"container\">\n\t\t\t\t\t<div class=\"e-con-inner\">\n\t\t\t\t<div class=\"elementor-element elementor-element-e36fa02 elementor-widget elementor-widget-text-editor\" data-id=\"e36fa02\" data-element_type=\"widget\" data-widget_type=\"text-editor.default\">\n\t\t\t\t\t\t\t\t\t<p><span style=\"font-weight: bold;\">Poni\u017cej przyk\u0142adowe kartki z poprzednich wydawnictw:<\/span><\/p>\t\t\t\t\t\t\t\t<\/div>\n\t\t\t\t\t<\/div>\n\t\t\t\t<\/div>\n\t\t<div class=\"elementor-element elementor-element-7843f73 e-flex e-con-boxed e-con e-parent\" data-id=\"7843f73\" data-element_type=\"container\">\n\t\t\t\t\t<div class=\"e-con-inner\">\n\t\t\t\t<div class=\"elementor-element elementor-element-d91efe2 elementor-arrows-position-inside elementor-pagination-position-outside elementor-widget elementor-widget-image-carousel\" data-id=\"d91efe2\" data-element_type=\"widget\" data-settings=\"{&quot;navigation&quot;:&quot;both&quot;,&quot;autoplay&quot;:&quot;yes&quot;,&quot;pause_on_hover&quot;:&quot;yes&quot;,&quot;pause_on_interaction&quot;:&quot;yes&quot;,&quot;autoplay_speed&quot;:5000,&quot;infinite&quot;:&quot;yes&quot;,&quot;speed&quot;:500}\" data-widget_type=\"image-carousel.default\">\n\t\t\t\t\t\t\t<div class=\"elementor-image-carousel-wrapper swiper\" role=\"region\" aria-roledescription=\"carousel\" aria-label=\"Karuzela obrazk\u00f3w\" dir=\"ltr\">\n\t\t\t<div class=\"elementor-image-carousel swiper-wrapper\" aria-live=\"off\">\n\t\t\t\t\t\t\t\t<div class=\"swiper-slide\" role=\"group\" aria-roledescription=\"slide\" aria-label=\"1 z 6\"><a data-elementor-open-lightbox=\"yes\" data-elementor-lightbox-slideshow=\"d91efe2\" data-elementor-lightbox-title=\"Kalendarz 2020\" data-e-action-hash=\"#elementor-action%3Aaction%3Dlightbox%26settings%3DeyJpZCI6NDYsInVybCI6Imh0dHBzOlwvXC93eWtvbGVqb255a2FsZW5kYXJ6LnBsXC93cC1jb250ZW50XC91cGxvYWRzXC8yMDI1XC8xMFwvS2FsZW5kYXJ6LTIwMjAuanBnIiwic2xpZGVzaG93IjoiZDkxZWZlMiJ9\" href=\"https:\/\/wykolejonykalendarz.pl\/wp-content\/uploads\/2025\/10\/Kalendarz-2020.jpg\"><figure class=\"swiper-slide-inner\"><img decoding=\"async\" class=\"swiper-slide-image\" src=\"https:\/\/wykolejonykalendarz.pl\/wp-content\/uploads\/2025\/10\/Kalendarz-2020-214x300.jpg\" alt=\"Kalendarz 2020\" \/><\/figure><\/a><\/div><div class=\"swiper-slide\" role=\"group\" aria-roledescription=\"slide\" aria-label=\"2 z 6\"><a data-elementor-open-lightbox=\"yes\" data-elementor-lightbox-slideshow=\"d91efe2\" data-elementor-lightbox-title=\"Kalendarz 2021\" data-e-action-hash=\"#elementor-action%3Aaction%3Dlightbox%26settings%3DeyJpZCI6NDUsInVybCI6Imh0dHBzOlwvXC93eWtvbGVqb255a2FsZW5kYXJ6LnBsXC93cC1jb250ZW50XC91cGxvYWRzXC8yMDI1XC8xMFwvS2FsZW5kYXJ6LTIwMjEuanBnIiwic2xpZGVzaG93IjoiZDkxZWZlMiJ9\" href=\"https:\/\/wykolejonykalendarz.pl\/wp-content\/uploads\/2025\/10\/Kalendarz-2021.jpg\"><figure class=\"swiper-slide-inner\"><img decoding=\"async\" class=\"swiper-slide-image\" src=\"https:\/\/wykolejonykalendarz.pl\/wp-content\/uploads\/2025\/10\/Kalendarz-2021-212x300.jpg\" alt=\"Kalendarz 2021\" \/><\/figure><\/a><\/div><div class=\"swiper-slide\" role=\"group\" aria-roledescription=\"slide\" aria-label=\"3 z 6\"><a data-elementor-open-lightbox=\"yes\" data-elementor-lightbox-slideshow=\"d91efe2\" data-elementor-lightbox-title=\"Kalendarz 2022\" data-e-action-hash=\"#elementor-action%3Aaction%3Dlightbox%26settings%3DeyJpZCI6NDcsInVybCI6Imh0dHBzOlwvXC93eWtvbGVqb255a2FsZW5kYXJ6LnBsXC93cC1jb250ZW50XC91cGxvYWRzXC8yMDI1XC8xMFwvS2FsZW5kYXJ6LTIwMjIuanBnIiwic2xpZGVzaG93IjoiZDkxZWZlMiJ9\" href=\"https:\/\/wykolejonykalendarz.pl\/wp-content\/uploads\/2025\/10\/Kalendarz-2022.jpg\"><figure class=\"swiper-slide-inner\"><img decoding=\"async\" class=\"swiper-slide-image\" src=\"https:\/\/wykolejonykalendarz.pl\/wp-content\/uploads\/2025\/10\/Kalendarz-2022-300x214.jpg\" alt=\"Kalendarz 2022\" \/><\/figure><\/a><\/div><div class=\"swiper-slide\" role=\"group\" aria-roledescription=\"slide\" aria-label=\"4 z 6\"><a data-elementor-open-lightbox=\"yes\" data-elementor-lightbox-slideshow=\"d91efe2\" data-elementor-lightbox-title=\"Kalendarz 2023\" data-e-action-hash=\"#elementor-action%3Aaction%3Dlightbox%26settings%3DeyJpZCI6MjksInVybCI6Imh0dHBzOlwvXC93eWtvbGVqb255a2FsZW5kYXJ6LnBsXC93cC1jb250ZW50XC91cGxvYWRzXC8yMDI1XC8xMFwvMDEtc2NhbGVkLmpwZyIsInNsaWRlc2hvdyI6ImQ5MWVmZTIifQ%3D%3D\" href=\"https:\/\/wykolejonykalendarz.pl\/wp-content\/uploads\/2025\/10\/01-scaled.jpg\"><figure class=\"swiper-slide-inner\"><img decoding=\"async\" class=\"swiper-slide-image\" src=\"https:\/\/wykolejonykalendarz.pl\/wp-content\/uploads\/2025\/10\/01-212x300.jpg\" alt=\"Kalendarz 2023\" \/><\/figure><\/a><\/div><div class=\"swiper-slide\" role=\"group\" aria-roledescription=\"slide\" aria-label=\"5 z 6\"><a data-elementor-open-lightbox=\"yes\" data-elementor-lightbox-slideshow=\"d91efe2\" data-elementor-lightbox-title=\"Kalendarz 2024\" data-e-action-hash=\"#elementor-action%3Aaction%3Dlightbox%26settings%3DeyJpZCI6MzEsInVybCI6Imh0dHBzOlwvXC93eWtvbGVqb255a2FsZW5kYXJ6LnBsXC93cC1jb250ZW50XC91cGxvYWRzXC8yMDI1XC8xMFwvMDUtc2NhbGVkLmpwZyIsInNsaWRlc2hvdyI6ImQ5MWVmZTIifQ%3D%3D\" href=\"https:\/\/wykolejonykalendarz.pl\/wp-content\/uploads\/2025\/10\/05-scaled.jpg\"><figure class=\"swiper-slide-inner\"><img decoding=\"async\" class=\"swiper-slide-image\" src=\"https:\/\/wykolejonykalendarz.pl\/wp-content\/uploads\/2025\/10\/05-213x300.jpg\" alt=\"Kalendarz 2024\" \/><\/figure><\/a><\/div><div class=\"swiper-slide\" role=\"group\" aria-roledescription=\"slide\" aria-label=\"6 z 6\"><a data-elementor-open-lightbox=\"yes\" data-elementor-lightbox-slideshow=\"d91efe2\" data-elementor-lightbox-title=\"Kalendarz 2025\" data-e-action-hash=\"#elementor-action%3Aaction%3Dlightbox%26settings%3DeyJpZCI6MzIsInVybCI6Imh0dHBzOlwvXC93eWtvbGVqb255a2FsZW5kYXJ6LnBsXC93cC1jb250ZW50XC91cGxvYWRzXC8yMDI1XC8xMFwvNDg1Nzk3NDQ1XzEwNDQ4NTQwOTEwMTMwMDBfNjk5ODIwNTA5OTc0NDQxMzM2Nl9uLmpwZyIsInNsaWRlc2hvdyI6ImQ5MWVmZTIifQ%3D%3D\" href=\"https:\/\/wykolejonykalendarz.pl\/wp-content\/uploads\/2025\/10\/485797445_1044854091013000_6998205099744413366_n.jpg\"><figure class=\"swiper-slide-inner\"><img decoding=\"async\" class=\"swiper-slide-image\" src=\"https:\/\/wykolejonykalendarz.pl\/wp-content\/uploads\/2025\/10\/485797445_1044854091013000_6998205099744413366_n-212x300.jpg\" alt=\"Kalendarz 2025\" \/><\/figure><\/a><\/div>\t\t\t<\/div>\n\t\t\t\t\t\t\t\t\t\t\t\t<div class=\"elementor-swiper-button elementor-swiper-button-prev\" role=\"button\" tabindex=\"0\">\n\t\t\t\t\t\t<svg aria-hidden=\"true\" class=\"e-font-icon-svg e-eicon-chevron-left\" viewBox=\"0 0 1000 1000\" xmlns=\"http:\/\/www.w3.org\/2000\/svg\"><path d=\"M646 125C629 125 613 133 604 142L308 442C296 454 292 471 292 487 292 504 296 521 308 533L604 854C617 867 629 875 646 875 663 875 679 871 692 858 704 846 713 829 713 812 713 796 708 779 692 767L438 487 692 225C700 217 708 204 708 187 708 171 704 154 692 142 675 129 663 125 646 125Z\"><\/path><\/svg>\t\t\t\t\t<\/div>\n\t\t\t\t\t<div class=\"elementor-swiper-button elementor-swiper-button-next\" role=\"button\" tabindex=\"0\">\n\t\t\t\t\t\t<svg aria-hidden=\"true\" class=\"e-font-icon-svg e-eicon-chevron-right\" viewBox=\"0 0 1000 1000\" xmlns=\"http:\/\/www.w3.org\/2000\/svg\"><path d=\"M696 533C708 521 713 504 713 487 713 471 708 454 696 446L400 146C388 133 375 125 354 125 338 125 325 129 313 142 300 154 292 171 292 187 292 204 296 221 308 233L563 492 304 771C292 783 288 800 288 817 288 833 296 850 308 863 321 871 338 875 354 875 371 875 388 867 400 854L696 533Z\"><\/path><\/svg>\t\t\t\t\t<\/div>\n\t\t\t\t\n\t\t\t\t\t\t\t\t\t<div class=\"swiper-pagination\"><\/div>\n\t\t\t\t\t\t\t\t\t<\/div>\n\t\t\t\t\t\t<\/div>\n\t\t\t\t\t<\/div>\n\t\t\t\t<\/div>\n\t\t<div class=\"elementor-element elementor-element-70115c8 e-flex e-con-boxed e-con e-parent\" data-id=\"70115c8\" data-element_type=\"container\">\n\t\t\t\t\t<div class=\"e-con-inner\">\n\t\t\t\t<div class=\"elementor-element elementor-element-9437281 elementor-widget elementor-widget-text-editor\" data-id=\"9437281\" data-element_type=\"widget\" data-widget_type=\"text-editor.default\">\n\t\t\t\t\t\t\t\t\t<p>Nie czas jednak na wspominki &#8211; wielkimi krokami zbli\u017ca si\u0119 rok 2026, a zwierzaki same si\u0119 nie wespr\u0105! Dlatego te\u017c mam przyjemno\u015b\u0107 og\u0142osi\u0107, \u017ce Wykolejony Kalendarz 2026 jest ju\u017c w preorderze. Co najwa\u017cniejsze &#8211; ca\u0142y doch\u00f3d ze sprzeda\u017cy wydawnictwa zostanie przekazany na <b><i>Stowarzyszenie W Ogrodzie Viadrusa<\/i><\/b> &#8211; wspania\u0142ych ludzi, kt\u00f3rzy zajmuj\u0105 si\u0119 psimi i kocimi bidami, a tak\u017ce edukacj\u0105 i kszta\u0142towaniem w\u0142a\u015bciwych, prozwierz\u0119cych postaw. Swoj\u0105 siedzib\u0119 maj\u0105 w Oldrzyszowicach (woj. opolskie).<\/p>\t\t\t\t\t\t\t\t<\/div>\n\t\t\t\t\t<\/div>\n\t\t\t\t<\/div>\n\t\t<div class=\"elementor-element elementor-element-a304e7c e-flex e-con-boxed e-con e-parent\" data-id=\"a304e7c\" data-element_type=\"container\">\n\t\t\t\t\t<div class=\"e-con-inner\">\n\t\t\t\t<div class=\"elementor-element elementor-element-c5b568c elementor-widget elementor-widget-button\" data-id=\"c5b568c\" data-element_type=\"widget\" data-settings=\"{&quot;_animation&quot;:&quot;none&quot;}\" data-widget_type=\"button.default\">\n\t\t\t\t\t\t\t\t\t\t<a class=\"elementor-button elementor-button-link elementor-size-sm\" href=\"https:\/\/wogrodzieviadrusa.pl\/\" target=\"_blank\">\n\t\t\t\t\t\t<span class=\"elementor-button-content-wrapper\">\n\t\t\t\t\t\t\t\t\t<span class=\"elementor-button-text\">Stowarzyszenie w Ogrodzie Viadrusa - dowiedz si\u0119 wi\u0119cej!<\/span>\n\t\t\t\t\t<\/span>\n\t\t\t\t\t<\/a>\n\t\t\t\t\t\t\t\t<\/div>\n\t\t\t\t\t<\/div>\n\t\t\t\t<\/div>\n\t\t<div class=\"elementor-element elementor-element-360b04a e-flex e-con-boxed e-con e-parent\" data-id=\"360b04a\" data-element_type=\"container\">\n\t\t\t\t\t<div class=\"e-con-inner\">\n\t\t\t\t<div class=\"elementor-element elementor-element-84876d8 elementor-widget elementor-widget-text-editor\" data-id=\"84876d8\" data-element_type=\"widget\" data-widget_type=\"text-editor.default\">\n\t\t\t\t\t\t\t\t\t<p>W tym roku motywem przewodnim Wykolejonego Kalendarza s\u0105 legendarne wyczyny polskiego (powiedzmy) dziennikarstwa oraz medi\u00f3w internetowych. Znale\u017a\u0107 w nim mo\u017cna liczne historie (jedna jest nawet prawdziwa!), horoskopy czy k\u0105cik samotnych serc. Nie zabraknie oczywi\u015bcie wykolejonych tramwaj\u00f3w i rozwalonych autobus\u00f3w!<\/p>\t\t\t\t\t\t\t\t<\/div>\n\t\t\t\t<div class=\"elementor-element elementor-element-fa63b40 elementor-widget elementor-widget-heading\" data-id=\"fa63b40\" data-element_type=\"widget\" data-widget_type=\"heading.default\">\n\t\t\t\t\t<h2 class=\"elementor-heading-title elementor-size-default\"><h3 id=\"info\">Info na temat kalendarzy i zam\u00f3wie\u0144:<\/h3><\/h2>\t\t\t\t<\/div>\n\t\t\t\t<div class=\"elementor-element elementor-element-96a42c0 elementor-widget elementor-widget-text-editor\" data-id=\"96a42c0\" data-element_type=\"widget\" data-widget_type=\"text-editor.default\">\n\t\t\t\t\t\t\t\t\t<p>Je\u015bli chcesz zam\u00f3wi\u0107 kalendarz, wy\u015blij maila na adres\u00a0<span style=\"font-weight: bold;\">71jeblo@gmail.com<\/span>\u00a0z poni\u017cszymi informacjami:<\/p><ul style=\"background-color: #ffffff; font-size: 16px;\"><li style=\"font-size: 16px;\">Imi\u0119 i nazwisko<\/li><li style=\"font-size: 16px;\">Spos\u00f3b dostawy (paczkomat, kurier lub odbi\u00f3r osobisty)<\/li><li style=\"font-size: 16px;\">Telefon (tylko w przypadku wysy\u0142ki)<\/li><li style=\"font-size: 16px;\">E-mail<\/li><li style=\"font-size: 16px;\"><span style=\"background-color: transparent;\">Adres zamieszkania lub numer paczkomatu (w zale\u017cno\u015bci od sposobu dostawy; przy odbiorze osobistym nie ma potrzeby podawania adresu)<\/span><\/li><li style=\"font-size: 16px;\">Liczba zamawianych sztuk<\/li><\/ul><div>\u00a0<\/div><div>W wiadomo\u015bci zwrotnej wy\u015bl\u0119 dane do p\u0142atno\u015bci, a info nt. zam\u00f3wienia zapisz\u0119 sobie w kajecie. Start dystrybucji kalendarza planowany jest na ok.\u00a0<span style=\"font-weight: bold;\">20-go listopada<\/span>\u00a0(+\/- 2 dni &#8211; w zale\u017cnosci od tego, jak szybko z realizacj\u0105 ogarnie si\u0119 drukarnia).<\/div>\t\t\t\t\t\t\t\t<\/div>\n\t\t\t\t<div class=\"elementor-element elementor-element-d63fe16 elementor-widget elementor-widget-text-editor\" data-id=\"d63fe16\" data-element_type=\"widget\" data-widget_type=\"text-editor.default\">\n\t\t\t\t\t\t\t\t\t<ul style=\"background-color: #ffffff; font-size: 16px;\"><li style=\"font-size: 16px;\">Koszt kalendarza:\u00a0<span style=\"font-weight: bold;\">49 z\u0142\u00a0<\/span>(p\u0142atne przelewem albo blikiem)<\/li><li style=\"font-size: 16px;\">Format: A3 pionowy<\/li><li style=\"font-size: 16px;\">Wysy\u0142ka: InPost<br \/><ul style=\"font-size: 16px;\"><li style=\"font-size: 16px;\">Paczkomat: 17 z\u0142<\/li><li style=\"font-size: 16px;\">Kurier: 20 z\u0142<\/li><\/ul><\/li><li style=\"font-size: 16px;\">Kalendarze b\u0119d\u0105 wysy\u0142ane\/gotowe do odbioru oko\u0142o 20 listopada<\/li><li style=\"font-size: 16px;\">Mo\u017cliwy odbi\u00f3r osobisty we Wroc\u0142awiu w lokalu Kebab 19 (<a href=\"https:\/\/maps.app.goo.gl\/XZqWaHcjPeGBJYVm7\" target=\"_blank\" rel=\"noopener\">ul. Ofiar O\u015bwi\u0119cimskich 19 &#8211; sprawd\u017a lokalizacj\u0119 na mapie<\/a>)\u00a0<\/li><\/ul>\t\t\t\t\t\t\t\t<\/div>\n\t\t\t\t\t<\/div>\n\t\t\t\t<\/div>\n\t\t<div class=\"elementor-element elementor-element-72951ad e-flex e-con-boxed e-con e-parent\" data-id=\"72951ad\" data-element_type=\"container\">\n\t\t\t\t\t<div class=\"e-con-inner\">\n\t\t<div class=\"elementor-element elementor-element-05351dc e-con-full e-flex e-con e-child\" data-id=\"05351dc\" data-element_type=\"container\">\n\t\t\t\t<div class=\"elementor-element elementor-element-cc93bfc elementor-widget elementor-widget-image\" data-id=\"cc93bfc\" data-element_type=\"widget\" data-widget_type=\"image.default\">\n\t\t\t\t\t\t\t\t\t\t\t\t\t\t\t\t<a href=\"https:\/\/wykolejonykalendarz.pl\/wp-content\/uploads\/2025\/11\/okladka.jpg\" data-elementor-open-lightbox=\"yes\" data-elementor-lightbox-title=\"okladka\" data-e-action-hash=\"#elementor-action%3Aaction%3Dlightbox%26settings%3DeyJpZCI6ODEsInVybCI6Imh0dHBzOlwvXC93eWtvbGVqb255a2FsZW5kYXJ6LnBsXC93cC1jb250ZW50XC91cGxvYWRzXC8yMDI1XC8xMVwvb2tsYWRrYS5qcGcifQ%3D%3D\">\n\t\t\t\t\t\t\t<img fetchpriority=\"high\" decoding=\"async\" width=\"724\" height=\"1024\" src=\"https:\/\/wykolejonykalendarz.pl\/wp-content\/uploads\/2025\/11\/okladka-724x1024.jpg\" class=\"attachment-large size-large wp-image-81\" alt=\"\" srcset=\"https:\/\/wykolejonykalendarz.pl\/wp-content\/uploads\/2025\/11\/okladka-724x1024.jpg 724w, https:\/\/wykolejonykalendarz.pl\/wp-content\/uploads\/2025\/11\/okladka-212x300.jpg 212w, https:\/\/wykolejonykalendarz.pl\/wp-content\/uploads\/2025\/11\/okladka-768x1086.jpg 768w, https:\/\/wykolejonykalendarz.pl\/wp-content\/uploads\/2025\/11\/okladka-1086x1536.jpg 1086w, https:\/\/wykolejonykalendarz.pl\/wp-content\/uploads\/2025\/11\/okladka.jpg 1448w\" sizes=\"(max-width: 724px) 100vw, 724px\" \/>\t\t\t\t\t\t\t\t<\/a>\n\t\t\t\t\t\t\t\t\t\t\t\t\t\t\t<\/div>\n\t\t\t\t<\/div>\n\t\t<div class=\"elementor-element elementor-element-3cbd6a9 e-con-full e-flex e-con e-child\" data-id=\"3cbd6a9\" data-element_type=\"container\">\n\t\t\t\t<div class=\"elementor-element elementor-element-c280781 elementor-widget elementor-widget-image\" data-id=\"c280781\" data-element_type=\"widget\" data-widget_type=\"image.default\">\n\t\t\t\t\t\t\t\t\t\t\t\t\t\t\t\t<a href=\"https:\/\/wykolejonykalendarz.pl\/wp-content\/uploads\/2025\/11\/06-czerwiec.jpg\" data-elementor-open-lightbox=\"yes\" data-elementor-lightbox-title=\"06 czerwiec\" data-e-action-hash=\"#elementor-action%3Aaction%3Dlightbox%26settings%3DeyJpZCI6ODQsInVybCI6Imh0dHBzOlwvXC93eWtvbGVqb255a2FsZW5kYXJ6LnBsXC93cC1jb250ZW50XC91cGxvYWRzXC8yMDI1XC8xMVwvMDYtY3plcndpZWMuanBnIn0%3D\">\n\t\t\t\t\t\t\t<img decoding=\"async\" width=\"724\" height=\"1024\" src=\"https:\/\/wykolejonykalendarz.pl\/wp-content\/uploads\/2025\/11\/06-czerwiec-724x1024.jpg\" class=\"attachment-large size-large wp-image-84\" alt=\"\" srcset=\"https:\/\/wykolejonykalendarz.pl\/wp-content\/uploads\/2025\/11\/06-czerwiec-724x1024.jpg 724w, https:\/\/wykolejonykalendarz.pl\/wp-content\/uploads\/2025\/11\/06-czerwiec-212x300.jpg 212w, https:\/\/wykolejonykalendarz.pl\/wp-content\/uploads\/2025\/11\/06-czerwiec-768x1086.jpg 768w, https:\/\/wykolejonykalendarz.pl\/wp-content\/uploads\/2025\/11\/06-czerwiec-1086x1536.jpg 1086w, https:\/\/wykolejonykalendarz.pl\/wp-content\/uploads\/2025\/11\/06-czerwiec.jpg 1448w\" sizes=\"(max-width: 724px) 100vw, 724px\" \/>\t\t\t\t\t\t\t\t<\/a>\n\t\t\t\t\t\t\t\t\t\t\t\t\t\t\t<\/div>\n\t\t\t\t<\/div>\n\t\t<div class=\"elementor-element elementor-element-1997ee4 e-con-full e-flex e-con e-child\" data-id=\"1997ee4\" data-element_type=\"container\">\n\t\t\t\t<div class=\"elementor-element elementor-element-d7fab25 elementor-widget elementor-widget-image\" data-id=\"d7fab25\" data-element_type=\"widget\" data-widget_type=\"image.default\">\n\t\t\t\t\t\t\t\t\t\t\t\t\t\t\t\t<a href=\"https:\/\/wykolejonykalendarz.pl\/wp-content\/uploads\/2025\/11\/08-sierpien.jpg\" data-elementor-open-lightbox=\"yes\" data-elementor-lightbox-title=\"08 sierpie\u0144\" data-e-action-hash=\"#elementor-action%3Aaction%3Dlightbox%26settings%3DeyJpZCI6ODYsInVybCI6Imh0dHBzOlwvXC93eWtvbGVqb255a2FsZW5kYXJ6LnBsXC93cC1jb250ZW50XC91cGxvYWRzXC8yMDI1XC8xMVwvMDgtc2llcnBpZW4uanBnIn0%3D\">\n\t\t\t\t\t\t\t<img decoding=\"async\" width=\"724\" height=\"1024\" src=\"https:\/\/wykolejonykalendarz.pl\/wp-content\/uploads\/2025\/11\/08-sierpien-724x1024.jpg\" class=\"attachment-large size-large wp-image-86\" alt=\"\" srcset=\"https:\/\/wykolejonykalendarz.pl\/wp-content\/uploads\/2025\/11\/08-sierpien-724x1024.jpg 724w, https:\/\/wykolejonykalendarz.pl\/wp-content\/uploads\/2025\/11\/08-sierpien-212x300.jpg 212w, https:\/\/wykolejonykalendarz.pl\/wp-content\/uploads\/2025\/11\/08-sierpien-768x1086.jpg 768w, https:\/\/wykolejonykalendarz.pl\/wp-content\/uploads\/2025\/11\/08-sierpien-1086x1536.jpg 1086w, https:\/\/wykolejonykalendarz.pl\/wp-content\/uploads\/2025\/11\/08-sierpien.jpg 1448w\" sizes=\"(max-width: 724px) 100vw, 724px\" \/>\t\t\t\t\t\t\t\t<\/a>\n\t\t\t\t\t\t\t\t\t\t\t\t\t\t\t<\/div>\n\t\t\t\t<\/div>\n\t\t<div class=\"elementor-element elementor-element-8159294 e-con-full e-flex e-con e-child\" data-id=\"8159294\" data-element_type=\"container\">\n\t\t\t\t<div class=\"elementor-element elementor-element-2b3639b elementor-widget elementor-widget-image\" data-id=\"2b3639b\" data-element_type=\"widget\" data-widget_type=\"image.default\">\n\t\t\t\t\t\t\t\t\t\t\t\t<figure class=\"wp-caption\">\n\t\t\t\t\t\t\t\t\t\t\t<a href=\"https:\/\/wykolejonykalendarz.pl\/wp-content\/uploads\/2025\/11\/05-scaled.jpg\" data-elementor-open-lightbox=\"yes\" data-elementor-lightbox-title=\"05\" data-e-action-hash=\"#elementor-action%3Aaction%3Dlightbox%26settings%3DeyJpZCI6ODIsInVybCI6Imh0dHBzOlwvXC93eWtvbGVqb255a2FsZW5kYXJ6LnBsXC93cC1jb250ZW50XC91cGxvYWRzXC8yMDI1XC8xMVwvMDUtc2NhbGVkLmpwZyJ9\">\n\t\t\t\t\t\t\t<img loading=\"lazy\" decoding=\"async\" width=\"724\" height=\"1024\" src=\"https:\/\/wykolejonykalendarz.pl\/wp-content\/uploads\/2025\/11\/05-724x1024.jpg\" class=\"attachment-large size-large wp-image-82\" alt=\"\" srcset=\"https:\/\/wykolejonykalendarz.pl\/wp-content\/uploads\/2025\/11\/05-724x1024.jpg 724w, https:\/\/wykolejonykalendarz.pl\/wp-content\/uploads\/2025\/11\/05-212x300.jpg 212w, https:\/\/wykolejonykalendarz.pl\/wp-content\/uploads\/2025\/11\/05-768x1086.jpg 768w, https:\/\/wykolejonykalendarz.pl\/wp-content\/uploads\/2025\/11\/05-1086x1536.jpg 1086w, https:\/\/wykolejonykalendarz.pl\/wp-content\/uploads\/2025\/11\/05-1448x2048.jpg 1448w, https:\/\/wykolejonykalendarz.pl\/wp-content\/uploads\/2025\/11\/05-scaled.jpg 1810w\" sizes=\"(max-width: 724px) 100vw, 724px\" \/>\t\t\t\t\t\t\t\t<\/a>\n\t\t\t\t\t\t\t\t\t\t\t<figcaption class=\"widget-image-caption wp-caption-text\"><\/figcaption>\n\t\t\t\t\t\t\t\t\t\t<\/figure>\n\t\t\t\t\t\t\t\t\t<\/div>\n\t\t\t\t<\/div>\n\t\t\t\t\t<\/div>\n\t\t\t\t<\/div>\n\t\t<div class=\"elementor-element elementor-element-e4b9fd4 e-flex e-con-boxed e-con e-parent\" data-id=\"e4b9fd4\" data-element_type=\"container\">\n\t\t\t\t\t<div class=\"e-con-inner\">\n\t\t\t\t<div class=\"elementor-element elementor-element-7e7134b elementor-widget elementor-widget-text-editor\" data-id=\"7e7134b\" data-element_type=\"widget\" data-widget_type=\"text-editor.default\">\n\t\t\t\t\t\t\t\t\t<p>W latach 2020-2025 uda\u0142o sprzeda\u0107 si\u0119 \u0142\u0105cznie ok. 3500 kalendarzy, dzi\u0119ki kt\u00f3rym zebrali\u015bmy prawie <b>75000 z\u0142\u00a0<span style=\"font-size: 1rem;\">dla zwierzak\u00f3w<\/span><\/b><span style=\"font-size: 1rem;\">. To jest prawdziwa magia &#8211; zamieni\u0107 wykolejenia w hajs dla piesk\u00f3w! Mam nadziej\u0119, \u017ce w tym roku znowu uda si\u0119 do\u0142o\u017cy\u0107 konkretn\u0105 kwot\u0119 do na szczytny cel. W imieniu Viadrusowej ekipy dzi\u0119kuj\u0119 wszystkim, kt\u00f3rzy z\u0142o\u017cyli zam\u00f3wienie, a tak\u017ce przyczynili si\u0119 w jakikolwiek spos\u00f3b do promocji Wykolejonego Kalendarza na 2026.\u00a0<\/span><\/p><p>Pozdrawiam cieplutko i \u017cycz\u0119 pysznej kawusi.\u00a0<\/p><p>Admin <i>CWMPKDJJ?<\/i><\/p>\t\t\t\t\t\t\t\t<\/div>\n\t\t\t\t\t<\/div>\n\t\t\t\t<\/div>\n\t\t\t\t<\/div>\n\t\t","protected":false},"excerpt":{"rendered":"<p>Wykolejony kalendarz na 2026 Cze\u015b\u0107, z tej strony admin fanpage&#8217;a Czy Wroc\u0142awskie MPK dzi\u015b ju\u017c jeb\u0142o?, kt\u00f3ry obecnie \u015bledzi ponad 81 tysi\u0119cy os\u00f3b. Zosta\u0142 on za\u0142o\u017cony jako forma \u017cartu podczas nudnego dnia w pracy &#8211; szybko jednak sta\u0142 si\u0119 podstawowym \u017ar\u00f3d\u0142em o funkcjonowaniu wroc\u0142awskiej komunikacji miejskiej. Poza informowaniem &#8222;gdzie jeb\u0142o&#8221; oraz publikowaniem miliarda mem\u00f3w, co [&hellip;]<\/p>\n","protected":false},"author":1,"featured_media":0,"parent":0,"menu_order":0,"comment_status":"closed","ping_status":"closed","template":"","meta":{"footnotes":""},"class_list":["post-11","page","type-page","status-publish","hentry"],"_links":{"self":[{"href":"https:\/\/wykolejonykalendarz.pl\/index.php?rest_route=\/wp\/v2\/pages\/11","targetHints":{"allow":["GET"]}}],"collection":[{"href":"https:\/\/wykolejonykalendarz.pl\/index.php?rest_route=\/wp\/v2\/pages"}],"about":[{"href":"https:\/\/wykolejonykalendarz.pl\/index.php?rest_route=\/wp\/v2\/types\/page"}],"author":[{"embeddable":true,"href":"https:\/\/wykolejonykalendarz.pl\/index.php?rest_route=\/wp\/v2\/users\/1"}],"replies":[{"embeddable":true,"href":"https:\/\/wykolejonykalendarz.pl\/index.php?rest_route=%2Fwp%2Fv2%2Fcomments&post=11"}],"version-history":[{"count":115,"href":"https:\/\/wykolejonykalendarz.pl\/index.php?rest_route=\/wp\/v2\/pages\/11\/revisions"}],"predecessor-version":[{"id":156,"href":"https:\/\/wykolejonykalendarz.pl\/index.php?rest_route=\/wp\/v2\/pages\/11\/revisions\/156"}],"wp:attachment":[{"href":"https:\/\/wykolejonykalendarz.pl\/index.php?rest_route=%2Fwp%2Fv2%2Fmedia&parent=11"}],"curies":[{"name":"wp","href":"https:\/\/api.w.org\/{rel}","templated":true}]}}